{"id":56,"date":"2022-06-04T13:47:22","date_gmt":"2022-06-04T11:47:22","guid":{"rendered":"http:\/\/www.volleydeclermont.be\/?page_id=56"},"modified":"2025-06-12T13:55:31","modified_gmt":"2025-06-12T11:55:31","slug":"sponsors","status":"publish","type":"page","link":"https:\/\/www.volleydeclermont.be\/index.php\/sponsors\/","title":{"rendered":"SPONSORS"},"content":{"rendered":"\t\t<div data-elementor-type=\"wp-page\" data-elementor-id=\"56\" class=\"elementor elementor-56\">\n\t\t\t\t\t\t<section class=\"elementor-section elementor-top-section elementor-element elementor-element-33841106 elementor-section-boxed elementor-section-height-default elementor-section-height-default\" data-id=\"33841106\" data-element_type=\"section\">\n\t\t\t\t\t\t<div class=\"elementor-container elementor-column-gap-default\">\n\t\t\t\t\t<div class=\"elementor-column elementor-col-100 elementor-top-column elementor-element elementor-element-2a1b4f71\" data-id=\"2a1b4f71\" data-element_type=\"column\">\n\t\t\t<div class=\"elementor-widget-wrap elementor-element-populated\">\n\t\t\t\t\t\t<div class=\"elementor-element elementor-element-6a6dc14 elementor-widget elementor-widget-text-editor\" data-id=\"6a6dc14\" data-element_type=\"widget\" data-widget_type=\"text-editor.default\">\n\t\t\t\t<div class=\"elementor-widget-container\">\n\t\t\t\t\t\t\t\t\t<h2 style=\"text-align: center;\">SPONSORS<\/h2><p style=\"text-align: center;\"><strong>Devenez Sponsor du Tournoi de Volley de Clermont : Une Opportunit\u00e9 d&rsquo;Impact et de Visibilit\u00e9 In\u00e9gal\u00e9e !<\/strong><\/p><p style=\"text-align: center;\">Bonjour \u00e0 tous,<\/p><p style=\"text-align: center;\">L&rsquo;\u00e9quipe de Volley de Clermont est fi\u00e8re d&rsquo;annoncer son prochain tournoi annuel, un \u00e9v\u00e8nement sportif majeur qui attire plus de 2000 spectateurs, r\u00e9unit 70 \u00e9quipes et 600 joueurs passionn\u00e9s dans notre belle r\u00e9gion de Walcourt, Beaumont et Thuin.<\/p><p style=\"text-align: center;\">Nous lan\u00e7ons aujourd&rsquo;hui un appel \u00e0 tous les partenaires potentiels qui souhaitent renforcer leur visibilit\u00e9, soutenir notre communaut\u00e9 et s&rsquo;associer \u00e0 l&rsquo;esprit dynamique du sport.<\/p><p style=\"text-align: center;\"><strong>Pourquoi devenir sponsor du Tournoi de Volley de Clermont?<\/strong><\/p><p style=\"text-align: center;\">En tant que sponsor, vous b\u00e9n\u00e9ficiez de :<\/p><ol style=\"text-align: center;\"><li><strong>Une excellente visibilit\u00e9 en ligne :<\/strong> Votre marque sera mise en avant sur notre page Facebook qui draine plus de 9000 visiteurs par semaine, \u00e2g\u00e9s de 18 \u00e0 65 ans. Une excellente occasion de toucher un public large et diversifi\u00e9 !<\/li><li><strong>Pr\u00e9sence sur le terrain :<\/strong> Votre logo sur des banni\u00e8res (\u00e0 fournir par vos soins) sera affich\u00e9 tout au long des terrains, assurant une visibilit\u00e9 continue tout au long de l&rsquo;\u00e9v\u00e8nement.<\/li><li><strong>Un hommage sp\u00e9cial :<\/strong> Un terrain de notre tournoi portera le nom de votre entreprise, offrant une reconnaissance suppl\u00e9mentaire. L&#8217;emplacement de ces terrains sera d\u00e9termin\u00e9 en fonction de votre contribution.<\/li><\/ol><p style=\"text-align: center;\">Nous appr\u00e9cions chaque contribution, quel que soit le montant. Chaque euro compte pour faire de cet \u00e9v\u00e9nement un succ\u00e8s m\u00e9morable !<\/p><p style=\"text-align: center;\"><strong>Ensemble, faisons une diff\u00e9rence !<\/strong><\/p><p style=\"text-align: center;\">S&rsquo;associer \u00e0 nous en tant que sponsor, c&rsquo;est faire plus que simplement promouvoir votre marque. C&rsquo;est soutenir activement une initiative qui encourage le sport, l&rsquo;esprit d&rsquo;\u00e9quipe et la communaut\u00e9. C&rsquo;est la chance de faire partie d&rsquo;une aventure humaine et sportive unique.<\/p><p style=\"text-align: center;\">Pour en savoir plus sur cette opportunit\u00e9 excitante, n&rsquo;h\u00e9sitez pas \u00e0 nous contacter. Nous serions ravis de discuter de la fa\u00e7on dont nous pouvons travailler ensemble pour r\u00e9aliser un \u00e9v\u00e9nement sportif m\u00e9morable !<\/p><p style=\"text-align: center;\">L&rsquo;\u00e9quipe de Volley de Clermont vous remercie d&rsquo;avance pour votre soutien.<\/p><p>\u00a0<\/p>\t\t\t\t\t\t\t\t<\/div>\n\t\t\t\t<\/div>\n\t\t\t\t\t<\/div>\n\t\t<\/div>\n\t\t\t\t\t<\/div>\n\t\t<\/section>\n\t\t\t\t<section class=\"elementor-section elementor-top-section elementor-element elementor-element-2f446a1 elementor-section-boxed elementor-section-height-default elementor-section-height-default\" data-id=\"2f446a1\" data-element_type=\"section\">\n\t\t\t\t\t\t<div class=\"elementor-container elementor-column-gap-default\">\n\t\t\t\t\t<div class=\"elementor-column elementor-col-100 elementor-top-column elementor-element elementor-element-968a41a\" data-id=\"968a41a\" data-element_type=\"column\">\n\t\t\t<div class=\"elementor-widget-wrap elementor-element-populated\">\n\t\t\t\t\t\t<div class=\"elementor-element elementor-element-9dbb9ea elementor-widget elementor-widget-google_maps\" data-id=\"9dbb9ea\" data-element_type=\"widget\" data-widget_type=\"google_maps.default\">\n\t\t\t\t<div class=\"elementor-widget-container\">\n\t\t\t\t\t\t\t<div class=\"elementor-custom-embed\">\n\t\t\t<iframe loading=\"lazy\"\n\t\t\t\t\tsrc=\"https:\/\/maps.google.com\/maps?q=50.26078228448646%2C%204.317469682431969&#038;t=m&#038;z=14&#038;output=embed&#038;iwloc=near\"\n\t\t\t\t\ttitle=\"50.26078228448646, 4.317469682431969\"\n\t\t\t\t\taria-label=\"50.26078228448646, 4.317469682431969\"\n\t\t\t><\/iframe>\n\t\t<\/div>\n\t\t\t\t\t\t<\/div>\n\t\t\t\t<\/div>\n\t\t\t\t\t<\/div>\n\t\t<\/div>\n\t\t\t\t\t<\/div>\n\t\t<\/section>\n\t\t\t\t<\/div>\n\t\t","protected":false},"excerpt":{"rendered":"<p>SPONSORS Devenez Sponsor du Tournoi de Volley de Clermont : Une Opportunit\u00e9 d&rsquo;Impact et de Visibilit\u00e9 In\u00e9gal\u00e9e ! Bonjour \u00e0 tous, L&rsquo;\u00e9quipe de Volley de Clermont est fi\u00e8re d&rsquo;annoncer son prochain tournoi annuel, un \u00e9v\u00e8nement sportif majeur qui attire plus de 2000 spectateurs, r\u00e9unit 70 \u00e9quipes et 600 joueurs passionn\u00e9s dans notre belle r\u00e9gion de&hellip;<\/p>\n","protected":false},"author":1,"featured_media":26,"parent":0,"menu_order":0,"comment_status":"closed","ping_status":"closed","template":"","meta":{"footnotes":""},"class_list":["post-56","page","type-page","status-publish","has-post-thumbnail","hentry"],"_links":{"self":[{"href":"https:\/\/www.volleydeclermont.be\/index.php\/wp-json\/wp\/v2\/pages\/56","targetHints":{"allow":["GET"]}}],"collection":[{"href":"https:\/\/www.volleydeclermont.be\/index.php\/wp-json\/wp\/v2\/pages"}],"about":[{"href":"https:\/\/www.volleydeclermont.be\/index.php\/wp-json\/wp\/v2\/types\/page"}],"author":[{"embeddable":true,"href":"https:\/\/www.volleydeclermont.be\/index.php\/wp-json\/wp\/v2\/users\/1"}],"replies":[{"embeddable":true,"href":"https:\/\/www.volleydeclermont.be\/index.php\/wp-json\/wp\/v2\/comments?post=56"}],"version-history":[{"count":53,"href":"https:\/\/www.volleydeclermont.be\/index.php\/wp-json\/wp\/v2\/pages\/56\/revisions"}],"predecessor-version":[{"id":991,"href":"https:\/\/www.volleydeclermont.be\/index.php\/wp-json\/wp\/v2\/pages\/56\/revisions\/991"}],"wp:featuredmedia":[{"embeddable":true,"href":"https:\/\/www.volleydeclermont.be\/index.php\/wp-json\/wp\/v2\/media\/26"}],"wp:attachment":[{"href":"https:\/\/www.volleydeclermont.be\/index.php\/wp-json\/wp\/v2\/media?parent=56"}],"curies":[{"name":"wp","href":"https:\/\/api.w.org\/{rel}","templated":true}]}}