{"id":896,"date":"2024-06-12T17:34:39","date_gmt":"2024-06-12T15:34:39","guid":{"rendered":"https:\/\/www.volleydeclermont.be\/?page_id=896"},"modified":"2024-06-12T17:39:18","modified_gmt":"2024-06-12T15:39:18","slug":"faq-questions-reponses","status":"publish","type":"page","link":"https:\/\/www.volleydeclermont.be\/index.php\/faq-questions-reponses\/","title":{"rendered":"FAQ &#8211; Questions &#8211; R\u00e9ponses"},"content":{"rendered":"<p><strong>\u00a0FAQ &#8211; Questions Fr\u00e9quentes<\/strong><\/p>\n<p>Nous recevons chaque ann\u00e9e beaucoup de questions. Nous avons tent\u00e9 de condenser les plus fr\u00e9quentes sur cette page :<\/p>\n<p>&nbsp;<\/p>\n<p><strong>Puis-je changer un joueur bless\u00e9 ?<\/strong><\/p>\n<p>**Question :<em>** Bonsoir, nous avons un joueur qui s&rsquo;est bless\u00e9 et un autre qui ne sera malheureusement pas disponible ce week-end. Je voulais donc savoir s&rsquo;il \u00e9tait possible de changer un joueur ?<\/em><\/p>\n<p>**R\u00e9ponse :**<strong> Bien s\u00fbr, il est possible de modifier un joueur bless\u00e9. Il suffit d&rsquo;envoyer un petit mail ou de remplir le formulaire, et nous nous occupons de faire le changement. Par contre, si c&rsquo;est \u00e0 la derni\u00e8re minute, nous ne pourrons pas r\u00e9imprimer le fascicule.<\/strong><\/p>\n<p>&#8212;<\/p>\n<p>Puis-je obtenir un remboursement de l&rsquo;inscription ?<\/p>\n<p>**Question :**<em> Bonjour, j&rsquo;ai inscrit une \u00e9quipe (xxxxxxx) \u00e0 votre tournoi il y a presque un mois. Cependant, j&rsquo;ai eu des d\u00e9sistements dans l&rsquo;\u00e9quipe pour cause familiale. Nous ne pouvons donc plus participer \u00e0 l&rsquo;\u00e9v\u00e9nement. Est-il possible d&rsquo;obtenir un remboursement des 35\u20ac d&rsquo;inscription ?<\/em><\/p>\n<p>**R\u00e9ponse :**<strong> Si le d\u00e9sistement a lieu avant le tirage au sort, c&rsquo;est encore possible. Par contre, une fois que celui-ci est fait (g\u00e9n\u00e9ralement le mercredi avant le volley), ce n&rsquo;est malheureusement plus possible.<\/strong><\/p>\n<p>&#8212;<\/p>\n<p><strong>Je n&rsquo;ai pas re\u00e7u les informations pour les capitaines<\/strong><\/p>\n<p>**Question :**<em> Bonjour, je viens de regarder dans ma bo\u00eete mail et je n&rsquo;ai pas re\u00e7u d&rsquo;informations (m\u00eame dans les spams). Pourriez-vous me renvoyer le mail avec les infos pour les capitaines ?<\/em><\/p>\n<p>**R\u00e9ponse :** <strong>V\u00e9rifiez bien vos spams, c&rsquo;est la premi\u00e8re \u00e9tape. Si vous n&rsquo;avez pas obtenu de r\u00e9ponse, cela peut aussi \u00eatre d\u00fb \u00e0 un probl\u00e8me lors de votre encodage. Une erreur de frappe est vite arriv\u00e9e dans l&rsquo;euphorie de participer ! Pas de souci, envoyez-nous un petit mail et nous vous renverrons les d\u00e9tails par mail.<\/strong><\/p>\n<p>&#8212;<\/p>\n<p><strong>\u00a0J&rsquo;ai oubli\u00e9 de mentionner un joueur dans mon inscription<\/strong><\/p>\n<p>**Question :**<em> Bonjour, j&rsquo;ai inscrit notre \u00e9quipe (les Red d&rsquo; Pils) et je pense avoir oubli\u00e9 un joueur.<\/em><\/p>\n<p>**R\u00e9ponse :**<strong> Pas de souci, nous pouvons le rajouter sur la feuille de match, bien s\u00fbr AVANT le d\u00e9but du tournoi.<\/strong><\/p>\n<p>&#8212;<\/p>\n<p><strong>O\u00f9 se trouve le num\u00e9ro de compte ?<\/strong><\/p>\n<p>**Question :**<em> Bonjour, o\u00f9 se trouve le num\u00e9ro de compte ? Merci.<\/em><\/p>\n<p>**R\u00e9ponse :** <strong>BE55 7326 1018 7544 &#8211; 35\u20ac et bien mettre le nom de votre \u00e9quipe dans la communication\u00a0<\/strong><\/p>\n<p>&#8212;<\/p>\n<p>Cette FAQ est con\u00e7ue pour vous aider \u00e0 trouver rapidement les r\u00e9ponses \u00e0 vos questions les plus courantes. Pour toute autre demande, n&rsquo;h\u00e9sitez pas \u00e0 nous contacter par mail.<\/p>\n<p>&nbsp;<\/p>\n","protected":false},"excerpt":{"rendered":"<p>\u00a0FAQ &#8211; Questions Fr\u00e9quentes Nous recevons chaque ann\u00e9e beaucoup de questions. Nous avons tent\u00e9 de condenser les plus fr\u00e9quentes sur cette page : &nbsp; Puis-je changer un joueur bless\u00e9 ? **Question :** Bonsoir, nous avons un joueur qui s&rsquo;est bless\u00e9 et un autre qui ne sera malheureusement pas disponible ce week-end. Je voulais donc savoir&hellip;<\/p>\n","protected":false},"author":1,"featured_media":0,"parent":0,"menu_order":0,"comment_status":"closed","ping_status":"closed","template":"","meta":{"footnotes":""},"class_list":["post-896","page","type-page","status-publish","hentry","description-off"],"_links":{"self":[{"href":"https:\/\/www.volleydeclermont.be\/index.php\/wp-json\/wp\/v2\/pages\/896","targetHints":{"allow":["GET"]}}],"collection":[{"href":"https:\/\/www.volleydeclermont.be\/index.php\/wp-json\/wp\/v2\/pages"}],"about":[{"href":"https:\/\/www.volleydeclermont.be\/index.php\/wp-json\/wp\/v2\/types\/page"}],"author":[{"embeddable":true,"href":"https:\/\/www.volleydeclermont.be\/index.php\/wp-json\/wp\/v2\/users\/1"}],"replies":[{"embeddable":true,"href":"https:\/\/www.volleydeclermont.be\/index.php\/wp-json\/wp\/v2\/comments?post=896"}],"version-history":[{"count":2,"href":"https:\/\/www.volleydeclermont.be\/index.php\/wp-json\/wp\/v2\/pages\/896\/revisions"}],"predecessor-version":[{"id":905,"href":"https:\/\/www.volleydeclermont.be\/index.php\/wp-json\/wp\/v2\/pages\/896\/revisions\/905"}],"wp:attachment":[{"href":"https:\/\/www.volleydeclermont.be\/index.php\/wp-json\/wp\/v2\/media?parent=896"}],"curies":[{"name":"wp","href":"https:\/\/api.w.org\/{rel}","templated":true}]}}